




{"id":238,"date":"2025-05-22T23:15:07","date_gmt":"2025-05-22T23:15:07","guid":{"rendered":"https:\/\/richs.com.vn\/?page_id=238"},"modified":"2025-10-24T23:23:42","modified_gmt":"2025-10-24T23:23:42","slug":"our-values","status":"publish","type":"page","link":"https:\/\/richs.com.vn\/en\/our-values\/","title":{"rendered":"Our Values"},"content":{"rendered":"<section class=\"block encabezado-blog default-padding\" >\n    \r\n<div class=\"content_pp\">\r\n    \r\n        <div class=\"md-only bg_e\" style=\"background-image:url(https:\/\/richs.com.vn\/wp-content\/uploads\/2025\/05\/Our-Values-Header-Banner-Desktop-scaled-1.jpg);\">\r\n            <div class=\"contenedor_p\" >\r\n                <div class=\"overlay gradient ov\" style=\"opacity: 0.5;\"><\/div>\r\n                <div class=\"contenido_e\">\r\n                    <h1 id=\"titulo_p\"  ><br>Our Values <\/h1>\r\n                    \r\n                                                        <\/div>\r\n            <\/div>\r\n        <\/div>\r\n\r\n    \r\n    <!--  --> \r\n\r\n    \r\n\r\n    \r\n     <!-- mobile -->\r\n\r\n    <div class=\"xs-only bg_e\" style=\"background-image:url(https:\/\/richs.com.vn\/wp-content\/uploads\/2025\/10\/cae748664ba4c61b6a7515fff3a5d7b756ae2966.png); background-size: cover;    background-repeat: no-repeat;    background-position: center;\">\r\n        <div class=\"contenedor_p\" >\r\n            <div class=\"overlay gradient ov\" style=\"opacity: 0.5;\"><\/div>\r\n            <div class=\"contenido_e\" >\r\n                <h1 id=\"titulo_p\" ><br>Our Values <\/h1>\r\n                                            <\/div>\r\n        <\/div>\r\n    <\/div>\r\n\r\n    <!--  -->\r\n<\/div> \r\n\r\n<script src=\"..\/..\/assets\/dist\/js\/js-reskin\/hero-height.js\"><\/script>\r\n\r\n<script>\r\ndocument.addEventListener('DOMContentLoaded', function() {\r\n  var esPagina = true;\r\n  var styleTag = document.createElement('style');\r\n  styleTag.id = 'contenedor_p_dynamic_style';\r\n  document.head.appendChild(styleTag);\r\n\r\n  function ajustarMarginTop() {\r\n    if (window.innerWidth <= 700) {\r\n      var margin = esPagina ? '200px' : '84px';\r\n      styleTag.innerHTML = `.contenedor_p { margin-top: ${margin} !important; }`;\r\n    }\r\n  }\r\n\r\n  ajustarMarginTop();\r\n  window.addEventListener('resize', ajustarMarginTop);\r\n});\r\n<\/script>\r\n<\/section>\n\n\n<section class=\"block highlights-n default-padding background-white\" id=\"\">\n    <div class=\"highlights_n\">\n            <h2 class=\"title lang_vi_font lang_en_font\">Cam K\u1ebft T\u1eeb Rich's<\/h2>\n     \n    <div class=\"hg_c\">\n        <div class=\"hg_container\">\n                            <div class=\"item_hg\">\n                    <div class=\"header type-image\">\n                                                    <img decoding=\"async\" src=\"https:\/\/richs.com.vn\/wp-content\/uploads\/2025\/05\/promise-1-img-1.png\" alt=\"\" \/>\n                         \n                    <\/div>\n                    <div class=\"content content-margin-top\"> \n                                                    <div class=\"label lang_vi_font lang_en_font\">Cherish our culture<\/div>\n                                                                            <div class=\"text lang_vi_font lang_en_font\">Work, learn and celebrate together.<\/div>\n                                            <\/div> \n                <\/div>\n                            <div class=\"item_hg\">\n                    <div class=\"header type-image\">\n                                                    <img decoding=\"async\" src=\"https:\/\/richs.com.vn\/wp-content\/uploads\/2025\/05\/promise-2-img-1.png\" alt=\"\" \/>\n                         \n                    <\/div>\n                    <div class=\"content content-margin-top\"> \n                                                    <div class=\"label lang_vi_font lang_en_font\">Innovate<\/div>\n                                                                            <div class=\"text lang_vi_font lang_en_font\">Imagine what\u2019s possible and create what\u2019s valued.<\/div>\n                                            <\/div> \n                <\/div>\n                            <div class=\"item_hg\">\n                    <div class=\"header type-image\">\n                                                    <img decoding=\"async\" src=\"https:\/\/richs.com.vn\/wp-content\/uploads\/2025\/05\/promise-3-img-1.png\" alt=\"\" \/>\n                         \n                    <\/div>\n                    <div class=\"content content-margin-top\"> \n                                                    <div class=\"label lang_vi_font lang_en_font\">Be the trusted first choice<\/div>\n                                                                            <div class=\"text lang_vi_font lang_en_font\">Listen, understand and deliver for customers like no other company.<\/div>\n                                            <\/div> \n                <\/div>\n                            <div class=\"item_hg\">\n                    <div class=\"header type-image\">\n                                                    <img decoding=\"async\" src=\"https:\/\/richs.com.vn\/wp-content\/uploads\/2025\/05\/promise-4-img-1.png\" alt=\"\" \/>\n                         \n                    <\/div>\n                    <div class=\"content content-margin-top\"> \n                                                    <div class=\"label lang_vi_font lang_en_font\">Better our communities<\/div>\n                                                                            <div class=\"text lang_vi_font lang_en_font\">Devote time and talent where we live and work.<\/div>\n                                            <\/div> \n                <\/div>\n                            <div class=\"item_hg\">\n                    <div class=\"header type-image\">\n                                                    <img decoding=\"async\" src=\"https:\/\/richs.com.vn\/wp-content\/uploads\/2025\/05\/promise-5-img-1.png\" alt=\"\" \/>\n                         \n                    <\/div>\n                    <div class=\"content content-margin-top\"> \n                                                    <div class=\"label lang_vi_font lang_en_font\">Do what\u2019s right<\/div>\n                                                                            <div class=\"text lang_vi_font lang_en_font\">No matter what.<\/div>\n                                            <\/div> \n                <\/div>\n                    <\/div>\n    <\/div>\n    <div class=\"controls_btn\">\n        <div class=\"control_btn\">\n            <button class=\"slider-btn-hg prev-btn-hg\"><\/button>\n            <button class=\"slider-btn-hg next-btn-hg\"><\/button>\n        <\/div>\n    <\/div>\n\n<\/div><\/section>\n\n\n<section class=\"block bannerour-n default-padding\" >\n     \n<div class=\"bannerour_n\">    \n                 <img decoding=\"async\" src=\"https:\/\/richs.com.vn\/wp-content\/uploads\/2025\/05\/Our-Values-Desktop-1-scaled.png\" alt=\"\" id=\"banner9_img\">\n         \n    \n    <div class=\"content_banner9_t\"> \n        <div class=\"contenido_banner9_n\">\n        <div class=\"texts\">\n            <h1><\/h1>\n            <p id=\"text1\"><\/p>\n            <p id=\"text2\"><\/p>\n                    <\/div>\n        <\/div>\n        <!-- <div class=\"contenido_banner9_n\"><\/div> -->\n    <\/div>\n<\/div>\n\n<script>\n    window.addEventListener('DOMContentLoaded', function() {\n        \/\/ Obtener la referencia de la imagen\n        const bannerImg = document.getElementById('banner9_img');\n\n        \/\/ Funci\u00f3n para cambiar la imagen\n        function cambiarImagen() {\n            \/\/ Obtener el ancho de la ventana del navegador\n            const windowWidth = window.innerWidth;\n            \/\/ Obtener la URL de la segunda imagen\n                            const newImageUrl = (windowWidth < 769) ? 'https:\/\/richs.com.vn\/wp-content\/uploads\/2025\/10\/quote-section.png' : 'https:\/\/richs.com.vn\/wp-content\/uploads\/2025\/05\/Our-Values-Desktop-1-scaled.png';\n             \n            \n            \/\/ Cambiar la imagen\n            bannerImg.src = newImageUrl;\n        }\n\n        \/\/ Llamar a la funci\u00f3n al cargar la p\u00e1gina y al cambiar el tama\u00f1o de la ventana\n        cambiarImagen();\n        window.addEventListener('resize', cambiarImagen);\n    });\n<\/script><\/section>\n\n\n<section class=\"block sliderfive-n default-padding\" >\n    \n<div class=\"slider_ff mt-0 mt-md-5\">\n        <div class=\"slider-container-f\">\n            <div class=\"slider_f DESKTOP d-none d-md-flex\">\n                                    <div class=\"slider-card-f d-none d-md-flex EN\">\n                            <video muted=\"muted\" loop preload=\"auto\" autoplay playsinline class=\"slider-image\">\n                                <source id=\"src_video_loop\" src=\"https:\/\/richs.com.vn\/wp-content\/uploads\/2025\/05\/D_CHERISH-OUR-CULTURE.mp4\">\n                                Your browser does not support the video tag.\n                            <\/video>\n                         \n                    <\/div>\n                                    <div class=\"slider-card-f d-none d-md-flex EN\">\n                            <video muted=\"muted\" loop preload=\"auto\" autoplay playsinline class=\"slider-image\">\n                                <source id=\"src_video_loop\" src=\"https:\/\/richs.com.vn\/wp-content\/uploads\/2025\/05\/D_BETTER-OUR-COMMUNITIES.mp4\">\n                                Your browser does not support the video tag.\n                            <\/video>\n                         \n                    <\/div>\n                                    <div class=\"slider-card-f d-none d-md-flex EN\">\n                            <video muted=\"muted\" loop preload=\"auto\" autoplay playsinline class=\"slider-image\">\n                                <source id=\"src_video_loop\" src=\"https:\/\/richs.com.vn\/wp-content\/uploads\/2025\/05\/D_BE-THE-TRUSTED-FIRST-CHOICE-1.mp4\">\n                                Your browser does not support the video tag.\n                            <\/video>\n                         \n                    <\/div>\n                                    <div class=\"slider-card-f d-none d-md-flex EN\">\n                            <video muted=\"muted\" loop preload=\"auto\" autoplay playsinline class=\"slider-image\">\n                                <source id=\"src_video_loop\" src=\"https:\/\/richs.com.vn\/wp-content\/uploads\/2025\/05\/D_DO-WHATS-RIGHT.mp4\">\n                                Your browser does not support the video tag.\n                            <\/video>\n                         \n                    <\/div>\n                                    <div class=\"slider-card-f d-none d-md-flex EN\">\n                            <video muted=\"muted\" loop preload=\"auto\" autoplay playsinline class=\"slider-image\">\n                                <source id=\"src_video_loop\" src=\"https:\/\/richs.com.vn\/wp-content\/uploads\/2025\/05\/D_INNOVATE.mp4\">\n                                Your browser does not support the video tag.\n                            <\/video>\n                         \n                    <\/div>\n                            <\/div>\n\n            <div class=\"slider_f_mobile MOBILE d-flex d-md-none\">\n                 \n                    <div class=\"slider-card-f_mobile d-flex d-md-none EN\">\n                            <video muted=\"muted\" loop preload=\"auto\" autoplay playsinline class=\"slider-image\">\n                                <source id=\"src_video_loop\" src=\"https:\/\/richs.com.vn\/wp-content\/uploads\/2025\/09\/M_Our-Journey_Eng-1-1.mp4\">\n                                Your browser does not support the video tag.\n                            <\/video>\n                         \n                    <\/div>\n                            <\/div>\n            <!-- <div id=\"userAgentInfo\"><\/div> -->\n            \n        <\/div>\n                                <div class=\"controls_btn d-none d-md-flex\">\n                <div class=\"control_btn\"> \n                    <button class=\"slider-btn prev-btn-f btn-prev-desktop-slider-f\"><\/button>\n                    <button class=\"slider-btn next-btn-f btn-next-desktop-slider-f\"><\/button>\n                <\/div>\n            <\/div>\n            \n                    \n        \n<\/div>\n<\/section>\n\n\n<section class=\"block sliderfour-n default-padding\" >\n    <div class=\"slider_four\">\n        <div class=\"content_four_title\">\n        <h1 id=\"title_four\" class=\"lang_vi_font lang_en_font\">Where would you like to go from here?<\/h1>\n    <\/div>\n    <div class=\"slider-container-four\">\n                        \n                <a href=\"https:\/\/richs.com.vn\/en\/history\/\" class=\"slider-card-four\" style=\"background-image: linear-gradient(rgba(0,0,0,0.4),rgba(0,0,0,0.1)),url(https:\/\/richs.com.vn\/wp-content\/uploads\/2025\/05\/history-img-1.png);\">\n                    <div class= \"slider-container-text-four\">  \n                        <h1 class=\"lang_vi_font lang_en_font\">History<\/h1>\n                        <p class=\"lang_vi_font lang_en_font\">Born from innovation <br> in 1945<\/p>\n                    <\/div>  \n                <\/a>\n                        \n                <a href=\"https:\/\/richs.com.vn\/en\/our-values\/\" class=\"slider-card-four\" style=\"background-image: linear-gradient(rgba(0,0,0,0.4),rgba(0,0,0,0.1)),url(https:\/\/richs.com.vn\/wp-content\/uploads\/2025\/05\/Our-values-Desktop-1-1.jpg);\">\n                    <div class= \"slider-container-text-four\">  \n                        <h1 class=\"lang_vi_font lang_en_font\">Our Values<\/h1>\n                        <p class=\"lang_vi_font lang_en_font\">Our drive to do what's right\u2026.no matter what.<\/p>\n                    <\/div>  \n                <\/a>\n                        \n                <a href=\"https:\/\/richs.com.vn\/en\/leadership\/\" class=\"slider-card-four\" style=\"background-image: linear-gradient(rgba(0,0,0,0.4),rgba(0,0,0,0.1)),url(https:\/\/richs.com.vn\/wp-content\/uploads\/2025\/05\/leadership-img-1.jpg);\">\n                    <div class= \"slider-container-text-four\">  \n                        <h1 class=\"lang_vi_font lang_en_font\">Leadership<\/h1>\n                        <p class=\"lang_vi_font lang_en_font\">Meet the experienced leadership team driving Rich\u2019s to an even brighter future.<\/p>\n                    <\/div>  \n                <\/a>\n                <\/div>\n    <div class=\"controls_btn mb-5 pb-5 mb-sm-0 pb-sm-0\">\n        <div class=\"control_btn\">\n            <button class=\"slider-btn-four prev-btn-four\"><\/button>\n            <button class=\"slider-btn-four next-btn-four\"><\/button>\n        <\/div>\n    <\/div>\n<\/div><\/section>","protected":false},"excerpt":{"rendered":"","protected":false},"author":2,"featured_media":0,"parent":0,"menu_order":0,"comment_status":"closed","ping_status":"closed","template":"","meta":{"footnotes":""},"class_list":["post-238","page","type-page","status-publish","hentry"],"acf":[],"yoast_head":"<!-- This site is optimized with the Yoast SEO plugin v23.4 - https:\/\/yoast.com\/wordpress\/plugins\/seo\/ -->\n<title>Our Values - Rich Products Vietnam<\/title>\n<meta name=\"robots\" content=\"index, follow, max-snippet:-1, max-image-preview:large, max-video-preview:-1\" \/>\n<link rel=\"canonical\" href=\"https:\/\/richs.com.vn\/en\/our-values\/\" \/>\n<meta property=\"og:locale\" content=\"en_US\" \/>\n<meta property=\"og:type\" content=\"article\" \/>\n<meta property=\"og:title\" content=\"Our Values - Rich Products Vietnam\" \/>\n<meta property=\"og:url\" content=\"https:\/\/richs.com.vn\/en\/our-values\/\" \/>\n<meta property=\"og:site_name\" content=\"Rich Products Vietnam\" \/>\n<meta property=\"article:modified_time\" content=\"2025-10-24T23:23:42+00:00\" \/>\n<meta name=\"twitter:card\" content=\"summary_large_image\" \/>\n<script type=\"application\/ld+json\" class=\"yoast-schema-graph\">{\"@context\":\"https:\/\/schema.org\",\"@graph\":[{\"@type\":\"WebPage\",\"@id\":\"https:\/\/richs.com.vn\/our-values\/\",\"url\":\"https:\/\/richs.com.vn\/our-values\/\",\"name\":\"Our Values - Rich Products Vietnam\",\"isPartOf\":{\"@id\":\"https:\/\/richs.com.vn\/#website\"},\"datePublished\":\"2025-05-22T23:15:07+00:00\",\"dateModified\":\"2025-10-24T23:23:42+00:00\",\"breadcrumb\":{\"@id\":\"https:\/\/richs.com.vn\/our-values\/#breadcrumb\"},\"inLanguage\":\"en-US\",\"potentialAction\":[{\"@type\":\"ReadAction\",\"target\":[\"https:\/\/richs.com.vn\/our-values\/\"]}]},{\"@type\":\"BreadcrumbList\",\"@id\":\"https:\/\/richs.com.vn\/our-values\/#breadcrumb\",\"itemListElement\":[{\"@type\":\"ListItem\",\"position\":1,\"name\":\"Home\",\"item\":\"https:\/\/richs.com.vn\/\"},{\"@type\":\"ListItem\",\"position\":2,\"name\":\"Our Values\"}]},{\"@type\":\"WebSite\",\"@id\":\"https:\/\/richs.com.vn\/#website\",\"url\":\"https:\/\/richs.com.vn\/\",\"name\":\"Rich Products Vietnam\",\"description\":\"Ti\u1ec1m n\u0103ng b\u1ea5t t\u1eadn. K\u1ebft n\u1ed1i m\u1ecdi nh\u00e0.\",\"potentialAction\":[{\"@type\":\"SearchAction\",\"target\":{\"@type\":\"EntryPoint\",\"urlTemplate\":\"https:\/\/richs.com.vn\/?s={search_term_string}\"},\"query-input\":{\"@type\":\"PropertyValueSpecification\",\"valueRequired\":true,\"valueName\":\"search_term_string\"}}],\"inLanguage\":\"en-US\"}]}<\/script>\n<!-- \/ Yoast SEO plugin. -->","yoast_head_json":{"title":"Our Values - Rich Products Vietnam","robots":{"index":"index","follow":"follow","max-snippet":"max-snippet:-1","max-image-preview":"max-image-preview:large","max-video-preview":"max-video-preview:-1"},"canonical":"https:\/\/richs.com.vn\/en\/our-values\/","og_locale":"en_US","og_type":"article","og_title":"Our Values - Rich Products Vietnam","og_url":"https:\/\/richs.com.vn\/en\/our-values\/","og_site_name":"Rich Products Vietnam","article_modified_time":"2025-10-24T23:23:42+00:00","twitter_card":"summary_large_image","schema":{"@context":"https:\/\/schema.org","@graph":[{"@type":"WebPage","@id":"https:\/\/richs.com.vn\/our-values\/","url":"https:\/\/richs.com.vn\/our-values\/","name":"Our Values - Rich Products Vietnam","isPartOf":{"@id":"https:\/\/richs.com.vn\/#website"},"datePublished":"2025-05-22T23:15:07+00:00","dateModified":"2025-10-24T23:23:42+00:00","breadcrumb":{"@id":"https:\/\/richs.com.vn\/our-values\/#breadcrumb"},"inLanguage":"en-US","potentialAction":[{"@type":"ReadAction","target":["https:\/\/richs.com.vn\/our-values\/"]}]},{"@type":"BreadcrumbList","@id":"https:\/\/richs.com.vn\/our-values\/#breadcrumb","itemListElement":[{"@type":"ListItem","position":1,"name":"Home","item":"https:\/\/richs.com.vn\/"},{"@type":"ListItem","position":2,"name":"Our Values"}]},{"@type":"WebSite","@id":"https:\/\/richs.com.vn\/#website","url":"https:\/\/richs.com.vn\/","name":"Rich Products Vietnam","description":"Ti\u1ec1m n\u0103ng b\u1ea5t t\u1eadn. K\u1ebft n\u1ed1i m\u1ecdi nh\u00e0.","potentialAction":[{"@type":"SearchAction","target":{"@type":"EntryPoint","urlTemplate":"https:\/\/richs.com.vn\/?s={search_term_string}"},"query-input":{"@type":"PropertyValueSpecification","valueRequired":true,"valueName":"search_term_string"}}],"inLanguage":"en-US"}]}},"_links":{"self":[{"href":"https:\/\/richs.com.vn\/en\/wp-json\/wp\/v2\/pages\/238","targetHints":{"allow":["GET"]}}],"collection":[{"href":"https:\/\/richs.com.vn\/en\/wp-json\/wp\/v2\/pages"}],"about":[{"href":"https:\/\/richs.com.vn\/en\/wp-json\/wp\/v2\/types\/page"}],"author":[{"embeddable":true,"href":"https:\/\/richs.com.vn\/en\/wp-json\/wp\/v2\/users\/2"}],"replies":[{"embeddable":true,"href":"https:\/\/richs.com.vn\/en\/wp-json\/wp\/v2\/comments?post=238"}],"version-history":[{"count":66,"href":"https:\/\/richs.com.vn\/en\/wp-json\/wp\/v2\/pages\/238\/revisions"}],"predecessor-version":[{"id":4541,"href":"https:\/\/richs.com.vn\/en\/wp-json\/wp\/v2\/pages\/238\/revisions\/4541"}],"wp:attachment":[{"href":"https:\/\/richs.com.vn\/en\/wp-json\/wp\/v2\/media?parent=238"}],"curies":[{"name":"wp","href":"https:\/\/api.w.org\/{rel}","templated":true}]}}