




{"id":231,"date":"2025-05-22T18:35:28","date_gmt":"2025-05-22T18:35:28","guid":{"rendered":"https:\/\/richs.com.vn\/?page_id=231"},"modified":"2025-10-24T16:52:36","modified_gmt":"2025-10-24T16:52:36","slug":"leadership","status":"publish","type":"page","link":"https:\/\/richs.com.vn\/en\/leadership\/","title":{"rendered":"Leadership"},"content":{"rendered":"<section class=\"block hero\" >\n    \n        <div class=\"background hero-style-default height-default\" style=\"background-image:url(https:\/\/richs.com.vn\/wp-content\/uploads\/2025\/05\/leadership-hero-1.jpg);\">\n                <div class=\"overlay gradient\" style=\"opacity: 0;\"><\/div>\n        <div class=\"container\">\n            <div class=\"flex\">\n                <div class=\"content\">\n                                                                <h1 class=\"title lang_vi_font lang_en_font center padding-default\">Leading the way<\/h1>\n                                                                                                <\/div>\n                <!--CTA BUTTON START-->\n                                <!--CTA BUTTON END-->\n            <\/div>\n        <\/div>\n    <\/div>\n        \n<script>\n    document.addEventListener('DOMContentLoaded', function() {\n    if (window.innerWidth <= 767) {\n        document.querySelectorAll('section.hero .background').forEach(function(el) {\n        el.style.setProperty('background-image', 'url(\"https:\/\/richs.com.vn\/wp-content\/uploads\/2025\/10\/hero-img.png\")', 'important');\n        });\n    }\n    });\n<\/script>\n<\/section>\n\n\n<section class=\"block leadership-grid default-padding\" >\n    <div class=\"container leadership-style\">\n    <h2 class=\"block-title lang_vi_font lang_en_font center2 title-leadership\"><br> MEET OUR EXPERIENCED LEADERSHIP TEAM<\/h2>\n    <div class=\"flex leadership-style-card\">\n                                    <div class=\"person card\" href=\"https:\/\/richs.com.vn\/en\/leaders\/mindy-rich\/\" style=\"background-image:url(https:\/\/richs.com.vn\/wp-content\/uploads\/2025\/05\/Mindy-Rich_atrium_edit.jpg);\">\n                        \n                <div class=\"text-container relative\">\n                    <h2 class=\"name lang_vi_font lang_en_font\">Mindy<br>Rich<\/h2>\n                    <div class=\"job-title lang_vi_font lang_en_font\"><br> Chairman, Rich Products Corporation <br> Chairman, Rich Entertainment Group <\/div>\n                <\/div>\n                <div class=\"absolute bg-black overlay\"><\/div>\n                            <\/div>\n                           \n                                    <div class=\"person card\" href=\"https:\/\/richs.com.vn\/en\/leaders\/bob-rich\/\" style=\"background-image:url(https:\/\/richs.com.vn\/wp-content\/uploads\/2025\/05\/Richs-Headshot-T-Rich-1-1.jpg);\">\n                        \n                <div class=\"text-container relative\">\n                    <h2 class=\"name lang_vi_font lang_en_font\">Bob<br>Rich <\/h2>\n                    <div class=\"job-title lang_vi_font lang_en_font\"><br> Senior Chairman<\/div>\n                <\/div>\n                <div class=\"absolute bg-black overlay\"><\/div>\n                            <\/div>\n                           \n                                    <div class=\"person card\" href=\"https:\/\/richs.com.vn\/en\/leaders\/bill-gisel\/\" style=\"background-image:url(https:\/\/richs.com.vn\/wp-content\/uploads\/2025\/05\/Richs-Headshot-W-Gisel-1.jpg);\">\n                        \n                <div class=\"text-container relative\">\n                    <h2 class=\"name lang_vi_font lang_en_font\">Bill<br>Gisel<\/h2>\n                    <div class=\"job-title lang_vi_font lang_en_font\"><br> Executive Vice Chairman<\/div>\n                <\/div>\n                <div class=\"absolute bg-black overlay\"><\/div>\n                            <\/div>\n                           \n                                    <div class=\"person card\" href=\"https:\/\/richs.com.vn\/en\/leaders\/richard-ferranti\/\" style=\"background-image:url(https:\/\/richs.com.vn\/wp-content\/uploads\/2025\/05\/Richs-Headshot-R-Ferranti-1.jpg);\">\n                        \n                <div class=\"text-container relative\">\n                    <h2 class=\"name lang_vi_font lang_en_font\">Richard<br>Ferranti<\/h2>\n                    <div class=\"job-title lang_vi_font lang_en_font\"><br> Chief Executive Officer<\/div>\n                <\/div>\n                <div class=\"absolute bg-black overlay\"><\/div>\n                            <\/div>\n                           \n                                    <div class=\"person card\" href=\"https:\/\/richs.com.vn\/en\/leaders\/dave-cowperthwait\/\" style=\"background-image:url(https:\/\/richs.com.vn\/wp-content\/uploads\/2025\/05\/Dave-Cowperthwait.jpg);\">\n                        \n                <div class=\"text-container relative\">\n                    <h2 class=\"name lang_vi_font lang_en_font\">Dave<br>Cowperthwait<\/h2>\n                    <div class=\"job-title lang_vi_font lang_en_font\"><br> Executive Vice President, Chief Supply Chain Officer<\/div>\n                <\/div>\n                <div class=\"absolute bg-black overlay\"><\/div>\n                            <\/div>\n                           \n                                    <div class=\"person card\" href=\"https:\/\/richs.com.vn\/en\/leaders\/georgia-dachille\/\" style=\"background-image:url(https:\/\/richs.com.vn\/wp-content\/uploads\/2025\/05\/Richs-Headshot-G-Dachille-1.jpg);\">\n                        \n                <div class=\"text-container relative\">\n                    <h2 class=\"name lang_vi_font lang_en_font\">Georgia<br>Dachille<\/h2>\n                    <div class=\"job-title lang_vi_font lang_en_font\"><br> Ph\u00f3 Ch\u1ee7 T\u1ecbch \u0110i\u1ec1u H\u00e0nh, Gi\u00e1m \u0110\u1ed1c Chi\u1ebfn L\u01b0\u1ee3c & Chuy\u1ec3n \u0110\u1ed5i<\/div>\n                <\/div>\n                <div class=\"absolute bg-black overlay\"><\/div>\n                            <\/div>\n                           \n                                    <div class=\"person card\" href=\"https:\/\/richs.com.vn\/en\/leaders\/jeff-kim\/\" style=\"background-image:url(https:\/\/richs.com.vn\/wp-content\/uploads\/2025\/05\/Richs-Headshot-J-Kim-1.jpg);\">\n                        \n                <div class=\"text-container relative\">\n                    <h2 class=\"name lang_vi_font lang_en_font\">Jeff<br>Kim<\/h2>\n                    <div class=\"job-title lang_vi_font lang_en_font\"><br> Ch\u1ee7 T\u1ecbch & Gi\u00e1m \u0110\u1ed1c \u0110i\u1ec1u H\u00e0nh Th\u1ecb Tr\u01b0\u1eddng To\u00e0n C\u1ea7u<\/div>\n                <\/div>\n                <div class=\"absolute bg-black overlay\"><\/div>\n                            <\/div>\n                           \n                                    <div class=\"person card\" href=\"https:\/\/richs.com.vn\/en\/leaders\/yexi-liu\/\" style=\"background-image:url(https:\/\/richs.com.vn\/wp-content\/uploads\/2025\/05\/Richs-Headshot-Y-Liu.jpg);\">\n                        \n                <div class=\"text-container relative\">\n                    <h2 class=\"name lang_vi_font lang_en_font\">Yexi<br>Liu<\/h2>\n                    <div class=\"job-title lang_vi_font lang_en_font\"><br> Executive Vice President, Chief Information Officer<\/div>\n                <\/div>\n                <div class=\"absolute bg-black overlay\"><\/div>\n                            <\/div>\n                           \n                                    <div class=\"person card\" href=\"https:\/\/richs.com.vn\/en\/leaders\/jaimie-lowe\/\" style=\"background-image:url(https:\/\/richs.com.vn\/wp-content\/uploads\/2025\/05\/Jaimie-Lowe_CFO-photo.jpg);\">\n                        \n                <div class=\"text-container relative\">\n                    <h2 class=\"name lang_vi_font lang_en_font\">Jaimie<br>Lowe<\/h2>\n                    <div class=\"job-title lang_vi_font lang_en_font\"><br> EXECUTIVE VICE PRESIDENT AND CHIEF FINANCIAL OFFICER<\/div>\n                <\/div>\n                <div class=\"absolute bg-black overlay\"><\/div>\n                            <\/div>\n                           \n                                    <div class=\"person card\" href=\"https:\/\/richs.com.vn\/en\/leaders\/monica-novomisle\/\" style=\"background-image:url(https:\/\/richs.com.vn\/wp-content\/uploads\/2025\/05\/Monica-Lynn-Novomisle-Rich-Headshot-1-scaled-1.jpg);\">\n                        \n                <div class=\"text-container relative\">\n                    <h2 class=\"name lang_vi_font lang_en_font\">Monica<br>Novomisle<\/h2>\n                    <div class=\"job-title lang_vi_font lang_en_font\"><br> Executive Vice President, Chief People Officer<\/div>\n                <\/div>\n                <div class=\"absolute bg-black overlay\"><\/div>\n                            <\/div>\n                           \n                                    <div class=\"person card\" href=\"https:\/\/richs.com.vn\/en\/leaders\/ted-rich\/\" style=\"background-image:url(https:\/\/richs.com.vn\/wp-content\/uploads\/2025\/05\/Richs-Headshot-T-Rich-1-2.jpg);\">\n                        \n                <div class=\"text-container relative\">\n                    <h2 class=\"name lang_vi_font lang_en_font\">Ted<br>Rich<\/h2>\n                    <div class=\"job-title lang_vi_font lang_en_font\"><br> Executive Vice President, Chief People Officer<\/div>\n                <\/div>\n                <div class=\"absolute bg-black overlay\"><\/div>\n                            <\/div>\n                           \n                                    <div class=\"person card\" href=\"https:\/\/richs.com.vn\/en\/leaders\/kevin-spratt\/\" style=\"background-image:url(https:\/\/richs.com.vn\/wp-content\/uploads\/2025\/05\/Kevin-Spratt-1-1.jpg);\">\n                        \n                <div class=\"text-container relative\">\n                    <h2 class=\"name lang_vi_font lang_en_font\">Kevin<br>Spratt<\/h2>\n                    <div class=\"job-title lang_vi_font lang_en_font\"><br> Ch\u1ee7 T\u1ecbch, Khu v\u1ef1c M\u1ef9 & Canada<\/div>\n                <\/div>\n                <div class=\"absolute bg-black overlay\"><\/div>\n                            <\/div>\n                           \n                                    <div class=\"person card\" href=\"https:\/\/richs.com.vn\/en\/leaders\/tracey-ziener\/\" style=\"background-image:url(https:\/\/richs.com.vn\/wp-content\/uploads\/2025\/05\/Ziener-Tracey-scaled-1.jpeg);\">\n                        \n                <div class=\"text-container relative\">\n                    <h2 class=\"name lang_vi_font lang_en_font\">Tracey<br>Ziener<\/h2>\n                    <div class=\"job-title lang_vi_font lang_en_font\"><br> Ph\u00f3 Ch\u1ee7 T\u1ecbch \u0110i\u1ec1u H\u00e0nh, Gi\u00e1m \u0110\u1ed1c Nghi\u00ean C\u1ee9u, \u0110\u1ed5i M\u1edbi & Tu\u00e2n Th\u1ee7<\/div>\n                <\/div>\n                <div class=\"absolute bg-black overlay\"><\/div>\n                            <\/div>\n                           \n            <\/div>\n<\/div><\/section>\n\n\n<section class=\"block sliderfour-n default-padding\" >\n    <div class=\"slider_four\">\n        <div class=\"content_four_title\">\n        <h1 id=\"title_four\" class=\"lang_vi_font lang_en_font\">Where would you like to go from here?<\/h1>\n    <\/div>\n    <div class=\"slider-container-four\">\n                        \n                <a href=\"https:\/\/richs.com.vn\/en\/about-us\/\" class=\"slider-card-four\" style=\"background-image: linear-gradient(rgba(0,0,0,0.4),rgba(0,0,0,0.1)),url(https:\/\/richs.com.vn\/wp-content\/uploads\/2025\/05\/Meet-Richs-Desktop.jpg);\">\n                    <div class= \"slider-container-text-four\">  \n                        <h1 class=\"lang_vi_font lang_en_font\">MEET RICH\u2019S<\/h1>\n                        <p class=\"lang_vi_font lang_en_font\">We're a family owned food company dedicated to inspiring possibilities<\/p>\n                    <\/div>  \n                <\/a>\n                        \n                <a href=\"https:\/\/richs.com.vn\/en\/history\/\" class=\"slider-card-four\" style=\"background-image: linear-gradient(rgba(0,0,0,0.4),rgba(0,0,0,0.1)),url(https:\/\/richs.com.vn\/wp-content\/uploads\/2025\/05\/history-img-1.png);\">\n                    <div class= \"slider-container-text-four\">  \n                        <h1 class=\"lang_vi_font lang_en_font\">History<\/h1>\n                        <p class=\"lang_vi_font lang_en_font\">Born from innovation <br> in 1945<\/p>\n                    <\/div>  \n                <\/a>\n                        \n                <a href=\"https:\/\/richs.com.vn\/en\/our-values\/\" class=\"slider-card-four\" style=\"background-image: linear-gradient(rgba(0,0,0,0.4),rgba(0,0,0,0.1)),url(https:\/\/richs.com.vn\/wp-content\/uploads\/2025\/05\/Our-values-Desktop-1-2.jpg);\">\n                    <div class= \"slider-container-text-four\">  \n                        <h1 class=\"lang_vi_font lang_en_font\">Our Values<\/h1>\n                        <p class=\"lang_vi_font lang_en_font\">Our drive to do what's right\u2026.no matter what.<\/p>\n                    <\/div>  \n                <\/a>\n                <\/div>\n    <div class=\"controls_btn mb-5 pb-5 mb-sm-0 pb-sm-0\">\n        <div class=\"control_btn\">\n            <button class=\"slider-btn-four prev-btn-four\"><\/button>\n            <button class=\"slider-btn-four next-btn-four\"><\/button>\n        <\/div>\n    <\/div>\n<\/div><\/section>","protected":false},"excerpt":{"rendered":"","protected":false},"author":2,"featured_media":0,"parent":0,"menu_order":0,"comment_status":"closed","ping_status":"closed","template":"","meta":{"footnotes":""},"class_list":["post-231","page","type-page","status-publish","hentry"],"acf":[],"yoast_head":"<!-- This site is optimized with the Yoast SEO plugin v23.4 - https:\/\/yoast.com\/wordpress\/plugins\/seo\/ -->\n<title>Leadership - Rich Products Vietnam<\/title>\n<meta name=\"robots\" content=\"index, follow, max-snippet:-1, max-image-preview:large, max-video-preview:-1\" \/>\n<link rel=\"canonical\" href=\"https:\/\/richs.com.vn\/en\/leadership\/\" \/>\n<meta property=\"og:locale\" content=\"en_US\" \/>\n<meta property=\"og:type\" content=\"article\" \/>\n<meta property=\"og:title\" content=\"Leadership - Rich Products Vietnam\" \/>\n<meta property=\"og:url\" content=\"https:\/\/richs.com.vn\/en\/leadership\/\" \/>\n<meta property=\"og:site_name\" content=\"Rich Products Vietnam\" \/>\n<meta property=\"article:modified_time\" content=\"2025-10-24T16:52:36+00:00\" \/>\n<meta name=\"twitter:card\" content=\"summary_large_image\" \/>\n<script type=\"application\/ld+json\" class=\"yoast-schema-graph\">{\"@context\":\"https:\/\/schema.org\",\"@graph\":[{\"@type\":\"WebPage\",\"@id\":\"https:\/\/richs.com.vn\/leadership\/\",\"url\":\"https:\/\/richs.com.vn\/leadership\/\",\"name\":\"Leadership - Rich Products Vietnam\",\"isPartOf\":{\"@id\":\"https:\/\/richs.com.vn\/#website\"},\"datePublished\":\"2025-05-22T18:35:28+00:00\",\"dateModified\":\"2025-10-24T16:52:36+00:00\",\"breadcrumb\":{\"@id\":\"https:\/\/richs.com.vn\/leadership\/#breadcrumb\"},\"inLanguage\":\"en-US\",\"potentialAction\":[{\"@type\":\"ReadAction\",\"target\":[\"https:\/\/richs.com.vn\/leadership\/\"]}]},{\"@type\":\"BreadcrumbList\",\"@id\":\"https:\/\/richs.com.vn\/leadership\/#breadcrumb\",\"itemListElement\":[{\"@type\":\"ListItem\",\"position\":1,\"name\":\"Home\",\"item\":\"https:\/\/richs.com.vn\/\"},{\"@type\":\"ListItem\",\"position\":2,\"name\":\"Leadership\"}]},{\"@type\":\"WebSite\",\"@id\":\"https:\/\/richs.com.vn\/#website\",\"url\":\"https:\/\/richs.com.vn\/\",\"name\":\"Rich Products Vietnam\",\"description\":\"Ti\u1ec1m n\u0103ng b\u1ea5t t\u1eadn. K\u1ebft n\u1ed1i m\u1ecdi nh\u00e0.\",\"potentialAction\":[{\"@type\":\"SearchAction\",\"target\":{\"@type\":\"EntryPoint\",\"urlTemplate\":\"https:\/\/richs.com.vn\/?s={search_term_string}\"},\"query-input\":{\"@type\":\"PropertyValueSpecification\",\"valueRequired\":true,\"valueName\":\"search_term_string\"}}],\"inLanguage\":\"en-US\"}]}<\/script>\n<!-- \/ Yoast SEO plugin. -->","yoast_head_json":{"title":"Leadership - Rich Products Vietnam","robots":{"index":"index","follow":"follow","max-snippet":"max-snippet:-1","max-image-preview":"max-image-preview:large","max-video-preview":"max-video-preview:-1"},"canonical":"https:\/\/richs.com.vn\/en\/leadership\/","og_locale":"en_US","og_type":"article","og_title":"Leadership - Rich Products Vietnam","og_url":"https:\/\/richs.com.vn\/en\/leadership\/","og_site_name":"Rich Products Vietnam","article_modified_time":"2025-10-24T16:52:36+00:00","twitter_card":"summary_large_image","schema":{"@context":"https:\/\/schema.org","@graph":[{"@type":"WebPage","@id":"https:\/\/richs.com.vn\/leadership\/","url":"https:\/\/richs.com.vn\/leadership\/","name":"Leadership - Rich Products Vietnam","isPartOf":{"@id":"https:\/\/richs.com.vn\/#website"},"datePublished":"2025-05-22T18:35:28+00:00","dateModified":"2025-10-24T16:52:36+00:00","breadcrumb":{"@id":"https:\/\/richs.com.vn\/leadership\/#breadcrumb"},"inLanguage":"en-US","potentialAction":[{"@type":"ReadAction","target":["https:\/\/richs.com.vn\/leadership\/"]}]},{"@type":"BreadcrumbList","@id":"https:\/\/richs.com.vn\/leadership\/#breadcrumb","itemListElement":[{"@type":"ListItem","position":1,"name":"Home","item":"https:\/\/richs.com.vn\/"},{"@type":"ListItem","position":2,"name":"Leadership"}]},{"@type":"WebSite","@id":"https:\/\/richs.com.vn\/#website","url":"https:\/\/richs.com.vn\/","name":"Rich Products Vietnam","description":"Ti\u1ec1m n\u0103ng b\u1ea5t t\u1eadn. K\u1ebft n\u1ed1i m\u1ecdi nh\u00e0.","potentialAction":[{"@type":"SearchAction","target":{"@type":"EntryPoint","urlTemplate":"https:\/\/richs.com.vn\/?s={search_term_string}"},"query-input":{"@type":"PropertyValueSpecification","valueRequired":true,"valueName":"search_term_string"}}],"inLanguage":"en-US"}]}},"_links":{"self":[{"href":"https:\/\/richs.com.vn\/en\/wp-json\/wp\/v2\/pages\/231","targetHints":{"allow":["GET"]}}],"collection":[{"href":"https:\/\/richs.com.vn\/en\/wp-json\/wp\/v2\/pages"}],"about":[{"href":"https:\/\/richs.com.vn\/en\/wp-json\/wp\/v2\/types\/page"}],"author":[{"embeddable":true,"href":"https:\/\/richs.com.vn\/en\/wp-json\/wp\/v2\/users\/2"}],"replies":[{"embeddable":true,"href":"https:\/\/richs.com.vn\/en\/wp-json\/wp\/v2\/comments?post=231"}],"version-history":[{"count":28,"href":"https:\/\/richs.com.vn\/en\/wp-json\/wp\/v2\/pages\/231\/revisions"}],"predecessor-version":[{"id":4537,"href":"https:\/\/richs.com.vn\/en\/wp-json\/wp\/v2\/pages\/231\/revisions\/4537"}],"wp:attachment":[{"href":"https:\/\/richs.com.vn\/en\/wp-json\/wp\/v2\/media?parent=231"}],"curies":[{"name":"wp","href":"https:\/\/api.w.org\/{rel}","templated":true}]}}