




{"id":182,"date":"2025-05-21T22:05:08","date_gmt":"2025-05-21T22:05:08","guid":{"rendered":"https:\/\/richs.com.vn\/?page_id=182"},"modified":"2025-10-24T21:38:45","modified_gmt":"2025-10-24T21:38:45","slug":"history","status":"publish","type":"page","link":"https:\/\/richs.com.vn\/en\/history\/","title":{"rendered":"History"},"content":{"rendered":"<section class=\"block encabezado-blog default-padding\" >\n    \r\n<div class=\"content_pp\">\r\n    \r\n        <div class=\"md-only bg_e\" style=\"background-image:url(https:\/\/richs.com.vn\/wp-content\/uploads\/2025\/05\/RichsHistoryWhipTopping.jpg);\">\r\n            <div class=\"contenedor_p\" >\r\n                <div class=\"overlay gradient ov\" style=\"opacity: 0.35;\"><\/div>\r\n                <div class=\"contenido_e\">\r\n                    <h1 id=\"titulo_p\"  >Born from innovation <br> in 1945.<\/h1>\r\n                    \r\n                                                        <\/div>\r\n            <\/div>\r\n        <\/div>\r\n\r\n    \r\n    <!--  --> \r\n\r\n    \r\n\r\n    \r\n     <!-- mobile -->\r\n\r\n    <div class=\"xs-only bg_e\" style=\"background-image:url(https:\/\/richs.com.vn\/wp-content\/uploads\/2025\/05\/History-Header-Banner-Mobile.jpg); background-size: cover;    background-repeat: no-repeat;    background-position: center;\">\r\n        <div class=\"contenedor_p\" >\r\n            <div class=\"overlay gradient ov\" style=\"opacity: 0.35;\"><\/div>\r\n            <div class=\"contenido_e\" >\r\n                <h1 id=\"titulo_p\" >Born from innovation <br> in 1945.<\/h1>\r\n                                            <\/div>\r\n        <\/div>\r\n    <\/div>\r\n\r\n    <!--  -->\r\n<\/div> \r\n\r\n<script src=\"..\/..\/assets\/dist\/js\/js-reskin\/hero-height.js\"><\/script>\r\n\r\n<script>\r\ndocument.addEventListener('DOMContentLoaded', function() {\r\n  var esPagina = true;\r\n  var styleTag = document.createElement('style');\r\n  styleTag.id = 'contenedor_p_dynamic_style';\r\n  document.head.appendChild(styleTag);\r\n\r\n  function ajustarMarginTop() {\r\n    if (window.innerWidth <= 700) {\r\n      var margin = esPagina ? '200px' : '84px';\r\n      styleTag.innerHTML = `.contenedor_p { margin-top: ${margin} !important; }`;\r\n    }\r\n  }\r\n\r\n  ajustarMarginTop();\r\n  window.addEventListener('resize', ajustarMarginTop);\r\n});\r\n<\/script>\r\n<\/section>\n\n\n<section class=\"block text-image2-n default-padding\" >\n    <style>\n    .text_image2{\n        margin-top: 96px;\n        margin-bottom: 96px;\n    }\n    @media screen and (max-width: 768px){\n        .text_image2{\n        margin-top: 96px;\n        margin-bottom: 96px;\n    }\n    }\n<\/style>\n\n \n\n<div class=\"text_image2\" style=\"margin-top:96px; margin-bottom:96px;\">\n    <div class=\"text_image_container2 row-reverse\">\n        <div class=\"texts text-right_acf\" \n        > \n            <img decoding=\"async\" class=\"\" src=\"\" alt=\"\" style=\"\">\n            <h1 class=\"lang_vi_font lang_en_font\">OUR STORIES<\/h1>\n            <p class=\"lang_vi_font lang_en_font\">T\u1eadp \u0110o\u00e0n Rich Products \u0111\u01b0\u1ee3c th\u00e0nh l\u1eadp n\u0103m 1945 khi nh\u00e0 s\u00e1ng l\u1eadp - \u00f4ng Robert E.Rich, Sr. \u0111\u00e3 s\u00e1ng t\u1ea1o ra d\u00f2ng kem \u0111\u00f4ng l\u1ea1nh t\u1eeb th\u1ef1c v\u1eadt \u0111\u1ea7u ti\u00ean tr\u00ean th\u1ebf gi\u1edbi c\u00f3 kh\u1ea3 n\u0103ng \u0111\u00e1nh b\u00f4ng. K\u1ec3 t\u1eeb \u0111\u00f3, Rich's \u0111\u00e3 m\u1edf \u0111\u01b0\u1eddng ti\u00ean phong, ph\u00e1t tri\u1ec3n c\u00e1c s\u1ea3n ph\u1ea9m \u0111\u1ed9t ph\u00e1 v\u00e0 thi\u1ebft l\u1eadp chu\u1ea9n m\u1ef1c th\u00e0nh c\u00f4ng m\u1edbi trong ng\u00e0nh \u1ea9m th\u1ef1c. <br> <br> Rich  Products \u0111\u00e3 tr\u1ea3i qua h\u00e0nh tr\u00ecnh d\u00e0i c\u1ee7a s\u1ef1 ph\u00e1t tri\u1ec3n, c\u1ed1 g\u1eafng n\u1ed7 l\u1ef1c v\u00e0 \u0111\u1ed5i m\u1edbi qua t\u1eebng n\u0103m. T\u1eeb Rich's Whip Topping\u00ae - d\u00f2ng kem \u0111\u1eadu n\u00e0nh th\u1ea7n k\u1ef3 ra \u0111\u1eddi n\u0103m 1945 \u0111\u1ebfn c\u00e1c th\u01b0\u01a1ng v\u1ee5 M&A v\u00e0 s\u1ef1 ph\u00e1t tri\u1ec3n m\u1edf r\u1ed9ng tr\u00ean ph\u1ea1m vi to\u00e0n c\u1ea7u, Rich's kh\u00f4ng ng\u1eebng \u0111\u1ed5i m\u1edbi v\u00e0 n\u1ed7 l\u1ef1c v\u00ec s\u1ef1 ph\u00e1t tri\u1ec3n. H\u00e3y c\u00f9ng kh\u00e1m ph\u00e1 h\u00e0nh tr\u00ecnh l\u1ecbch s\u1eed \u0111\u1ea7y c\u1ea3m h\u1ee9ng c\u00f9ng Rich's!<\/p>\n        <\/div>\n        <div class=\"image imagen-left_acf\" \n            style=\"\"        >\n                            <img decoding=\"async\" src=\"https:\/\/richs.com.vn\/wp-content\/uploads\/2025\/05\/Company-history-Desktop.jpg\" alt=\"\">\n                                <\/div>\n    <\/div>\n<\/div>\n<!--<div class=\"texts\" style=\"background-image: url('');background-size: cover;background-position: center;\">--><\/section>\n\n\n<section class=\"block video-n default-padding\" >\n    \n<div class=\"video_n\" id=\"EEEEEEEE\">\n    \n                    <div class=\"video_s\">\n                        <div class=\"play-btn\">\n                            <div class=\"play-bg\" \n                                        style=\"width: 100vw;                                        background-position: center;                                        background-size: cover;                                        background-repeat: no-repeat;                                        background-image: url(https:\/\/richs.com.vn\/wp-content\/uploads\/2025\/05\/History-Video-Animation-Banner-Desktop-scaled-1.jpg)\"><\/div>\n                        <\/div>\n                    <\/div>                    <div class=\"m_v bynder_v\" id=\"video_v\" data-bynder-widget=\"video-item\" data-media-id=\"333ED16B-FC78-4555-BE989F2520A0B21B\" data-width=\"\">\n                        <!-- <script id=\"bynder-widgets-js\" data-account-url=\"bynder.onerichs.com\" data-language=\"en\" src=\"https:\/\/d8ejoa1fys2rk.cloudfront.net\/bynder-embed\/latest\/bynder-embed.js\">\n                        <\/script> -->\n                        <script>\n                            document.addEventListener('DOMContentLoaded', function(){\n                                var bynderScript = document.createElement('script');\n                                bynderScript.id = 'bynder-widgets-js';\n                                bynderScript.setAttribute('data-account-url', 'bynder.onerichs.com');\n                                bynderScript.setAttribute('data-language', 'en');\n                                bynderScript.src = 'https:\/\/d8ejoa1fys2rk.cloudfront.net\/bynder-embed\/latest\/bynder-embed.js';\n                                document.body.appendChild(bynderScript);\n\n                                \n                            });\n                        <\/script>\n                    <\/div>\n                    <\/div>\n\n<!-- CSS: solo cambia la imagen de fondo en m\u00f3vil -->\n<script>\ndocument.addEventListener('DOMContentLoaded', function(){\n    var playBg = document.querySelector('.video_n .video_s .play-btn .play-bg');\n\n    if (playBg && window.innerWidth <= 768) {\n        playBg.style.backgroundImage = \"url('https:\/\/richs.com.vn\/wp-content\/uploads\/2025\/10\/video-placeholder.png')\";\n    }\n});\n<\/script><\/section>\n\n\n<section class=\"block sliderfour-n default-padding\" >\n    <div class=\"slider_four\">\n        <div class=\"content_four_title\">\n        <h1 id=\"title_four\" class=\"lang_vi_font lang_en_font\">WHERE WOULD YOU LIKE TO GO FROM HERE?<\/h1>\n    <\/div>\n    <div class=\"slider-container-four\">\n                        \n                <a href=\"https:\/\/richs.com.vn\/en\/about-us\/\" class=\"slider-card-four\" style=\"background-image: linear-gradient(rgba(0,0,0,0.4),rgba(0,0,0,0.1)),url(https:\/\/richs.com.vn\/wp-content\/uploads\/2025\/05\/Meet-Richs-Desktop.jpg);\">\n                    <div class= \"slider-container-text-four\">  \n                        <h1 class=\"lang_vi_font lang_en_font\">Origin<\/h1>\n                        <p class=\"lang_vi_font lang_en_font\">We're a family owned food company dedicated to inspiring possibilities<\/p>\n                    <\/div>  \n                <\/a>\n                        \n                <a href=\"https:\/\/richs.com.vn\/en\/leadership\/\" class=\"slider-card-four\" style=\"background-image: linear-gradient(rgba(0,0,0,0.4),rgba(0,0,0,0.1)),url(https:\/\/richs.com.vn\/wp-content\/uploads\/2025\/05\/leadership-img-2.jpg);\">\n                    <div class= \"slider-container-text-four\">  \n                        <h1 class=\"lang_vi_font lang_en_font\">Leadership<\/h1>\n                        <p class=\"lang_vi_font lang_en_font\">Meet the experienced leadership team driving Rich's to an even brighter future.<\/p>\n                    <\/div>  \n                <\/a>\n                        \n                <a href=\"https:\/\/richs.com.vn\/en\/our-values\/\" class=\"slider-card-four\" style=\"background-image: linear-gradient(rgba(0,0,0,0.4),rgba(0,0,0,0.1)),url(https:\/\/richs.com.vn\/wp-content\/uploads\/2025\/05\/Our-values-Desktop-1-2.jpg);\">\n                    <div class= \"slider-container-text-four\">  \n                        <h1 class=\"lang_vi_font lang_en_font\">Our Values<\/h1>\n                        <p class=\"lang_vi_font lang_en_font\">Our drive to do what's right\u2026.no matter what.<\/p>\n                    <\/div>  \n                <\/a>\n                <\/div>\n    <div class=\"controls_btn mb-5 pb-5 mb-sm-0 pb-sm-0\">\n        <div class=\"control_btn\">\n            <button class=\"slider-btn-four prev-btn-four\"><\/button>\n            <button class=\"slider-btn-four next-btn-four\"><\/button>\n        <\/div>\n    <\/div>\n<\/div><\/section>","protected":false},"excerpt":{"rendered":"","protected":false},"author":2,"featured_media":0,"parent":0,"menu_order":0,"comment_status":"closed","ping_status":"closed","template":"","meta":{"footnotes":""},"class_list":["post-182","page","type-page","status-publish","hentry"],"acf":[],"yoast_head":"<!-- This site is optimized with the Yoast SEO plugin v23.4 - https:\/\/yoast.com\/wordpress\/plugins\/seo\/ -->\n<title>History - Rich Products Vietnam<\/title>\n<meta name=\"robots\" content=\"index, follow, max-snippet:-1, max-image-preview:large, max-video-preview:-1\" \/>\n<link rel=\"canonical\" href=\"https:\/\/richs.com.vn\/en\/history\/\" \/>\n<meta property=\"og:locale\" content=\"en_US\" \/>\n<meta property=\"og:type\" content=\"article\" \/>\n<meta property=\"og:title\" content=\"History - Rich Products Vietnam\" \/>\n<meta property=\"og:url\" content=\"https:\/\/richs.com.vn\/en\/history\/\" \/>\n<meta property=\"og:site_name\" content=\"Rich Products Vietnam\" \/>\n<meta property=\"article:modified_time\" content=\"2025-10-24T21:38:45+00:00\" \/>\n<meta name=\"twitter:card\" content=\"summary_large_image\" \/>\n<script type=\"application\/ld+json\" class=\"yoast-schema-graph\">{\"@context\":\"https:\/\/schema.org\",\"@graph\":[{\"@type\":\"WebPage\",\"@id\":\"https:\/\/richs.com.vn\/history\/\",\"url\":\"https:\/\/richs.com.vn\/history\/\",\"name\":\"History - Rich Products Vietnam\",\"isPartOf\":{\"@id\":\"https:\/\/richs.com.vn\/#website\"},\"datePublished\":\"2025-05-21T22:05:08+00:00\",\"dateModified\":\"2025-10-24T21:38:45+00:00\",\"breadcrumb\":{\"@id\":\"https:\/\/richs.com.vn\/history\/#breadcrumb\"},\"inLanguage\":\"en-US\",\"potentialAction\":[{\"@type\":\"ReadAction\",\"target\":[\"https:\/\/richs.com.vn\/history\/\"]}]},{\"@type\":\"BreadcrumbList\",\"@id\":\"https:\/\/richs.com.vn\/history\/#breadcrumb\",\"itemListElement\":[{\"@type\":\"ListItem\",\"position\":1,\"name\":\"Home\",\"item\":\"https:\/\/richs.com.vn\/\"},{\"@type\":\"ListItem\",\"position\":2,\"name\":\"History\"}]},{\"@type\":\"WebSite\",\"@id\":\"https:\/\/richs.com.vn\/#website\",\"url\":\"https:\/\/richs.com.vn\/\",\"name\":\"Rich Products Vietnam\",\"description\":\"Ti\u1ec1m n\u0103ng b\u1ea5t t\u1eadn. K\u1ebft n\u1ed1i m\u1ecdi nh\u00e0.\",\"potentialAction\":[{\"@type\":\"SearchAction\",\"target\":{\"@type\":\"EntryPoint\",\"urlTemplate\":\"https:\/\/richs.com.vn\/?s={search_term_string}\"},\"query-input\":{\"@type\":\"PropertyValueSpecification\",\"valueRequired\":true,\"valueName\":\"search_term_string\"}}],\"inLanguage\":\"en-US\"}]}<\/script>\n<!-- \/ Yoast SEO plugin. -->","yoast_head_json":{"title":"History - Rich Products Vietnam","robots":{"index":"index","follow":"follow","max-snippet":"max-snippet:-1","max-image-preview":"max-image-preview:large","max-video-preview":"max-video-preview:-1"},"canonical":"https:\/\/richs.com.vn\/en\/history\/","og_locale":"en_US","og_type":"article","og_title":"History - Rich Products Vietnam","og_url":"https:\/\/richs.com.vn\/en\/history\/","og_site_name":"Rich Products Vietnam","article_modified_time":"2025-10-24T21:38:45+00:00","twitter_card":"summary_large_image","schema":{"@context":"https:\/\/schema.org","@graph":[{"@type":"WebPage","@id":"https:\/\/richs.com.vn\/history\/","url":"https:\/\/richs.com.vn\/history\/","name":"History - Rich Products Vietnam","isPartOf":{"@id":"https:\/\/richs.com.vn\/#website"},"datePublished":"2025-05-21T22:05:08+00:00","dateModified":"2025-10-24T21:38:45+00:00","breadcrumb":{"@id":"https:\/\/richs.com.vn\/history\/#breadcrumb"},"inLanguage":"en-US","potentialAction":[{"@type":"ReadAction","target":["https:\/\/richs.com.vn\/history\/"]}]},{"@type":"BreadcrumbList","@id":"https:\/\/richs.com.vn\/history\/#breadcrumb","itemListElement":[{"@type":"ListItem","position":1,"name":"Home","item":"https:\/\/richs.com.vn\/"},{"@type":"ListItem","position":2,"name":"History"}]},{"@type":"WebSite","@id":"https:\/\/richs.com.vn\/#website","url":"https:\/\/richs.com.vn\/","name":"Rich Products Vietnam","description":"Ti\u1ec1m n\u0103ng b\u1ea5t t\u1eadn. K\u1ebft n\u1ed1i m\u1ecdi nh\u00e0.","potentialAction":[{"@type":"SearchAction","target":{"@type":"EntryPoint","urlTemplate":"https:\/\/richs.com.vn\/?s={search_term_string}"},"query-input":{"@type":"PropertyValueSpecification","valueRequired":true,"valueName":"search_term_string"}}],"inLanguage":"en-US"}]}},"_links":{"self":[{"href":"https:\/\/richs.com.vn\/en\/wp-json\/wp\/v2\/pages\/182","targetHints":{"allow":["GET"]}}],"collection":[{"href":"https:\/\/richs.com.vn\/en\/wp-json\/wp\/v2\/pages"}],"about":[{"href":"https:\/\/richs.com.vn\/en\/wp-json\/wp\/v2\/types\/page"}],"author":[{"embeddable":true,"href":"https:\/\/richs.com.vn\/en\/wp-json\/wp\/v2\/users\/2"}],"replies":[{"embeddable":true,"href":"https:\/\/richs.com.vn\/en\/wp-json\/wp\/v2\/comments?post=182"}],"version-history":[{"count":34,"href":"https:\/\/richs.com.vn\/en\/wp-json\/wp\/v2\/pages\/182\/revisions"}],"predecessor-version":[{"id":4540,"href":"https:\/\/richs.com.vn\/en\/wp-json\/wp\/v2\/pages\/182\/revisions\/4540"}],"wp:attachment":[{"href":"https:\/\/richs.com.vn\/en\/wp-json\/wp\/v2\/media?parent=182"}],"curies":[{"name":"wp","href":"https:\/\/api.w.org\/{rel}","templated":true}]}}