




{"id":168,"date":"2025-05-21T20:14:17","date_gmt":"2025-05-21T20:14:17","guid":{"rendered":"https:\/\/richs.com.vn\/?page_id=168"},"modified":"2025-10-23T18:51:25","modified_gmt":"2025-10-23T18:51:25","slug":"about-us","status":"publish","type":"page","link":"https:\/\/richs.com.vn\/en\/about-us\/","title":{"rendered":"About Us"},"content":{"rendered":"<section class=\"block encabezado-blog reduced-padding\" >\n    \r\n<div class=\"content_pp\">\r\n    \r\n        <div class=\"md-only bg_e\" style=\"background-image:url(https:\/\/richs.com.vn\/wp-content\/uploads\/2025\/05\/Meet-Richs-Header-Banner-Desktop-scaled-1.jpg);\">\r\n            <div class=\"contenedor_p\" >\r\n                <div class=\"overlay gradient ov\" style=\"opacity: 0.5;\"><\/div>\r\n                <div class=\"contenido_e\">\r\n                    <h1 id=\"titulo_p\"  ><br>About Us<\/h1>\r\n                    \r\n                                                        <\/div>\r\n            <\/div>\r\n        <\/div>\r\n\r\n    \r\n    <!--  --> \r\n\r\n    \r\n\r\n    \r\n     <!-- mobile -->\r\n\r\n    <div class=\"xs-only bg_e\" style=\"background-image:url(https:\/\/richs.com.vn\/wp-content\/uploads\/2025\/05\/Meet-Richs-Header-Banner-Mobile-1.jpg); background-size: cover;    background-repeat: no-repeat;    background-position: center;\">\r\n        <div class=\"contenedor_p\" >\r\n            <div class=\"overlay gradient ov\" style=\"opacity: 0.5;\"><\/div>\r\n            <div class=\"contenido_e\" >\r\n                <h1 id=\"titulo_p\" ><br>About Us<\/h1>\r\n                                            <\/div>\r\n        <\/div>\r\n    <\/div>\r\n\r\n    <!--  -->\r\n<\/div> \r\n\r\n<script src=\"..\/..\/assets\/dist\/js\/js-reskin\/hero-height.js\"><\/script>\r\n\r\n<script>\r\ndocument.addEventListener('DOMContentLoaded', function() {\r\n  var esPagina = true;\r\n  var styleTag = document.createElement('style');\r\n  styleTag.id = 'contenedor_p_dynamic_style';\r\n  document.head.appendChild(styleTag);\r\n\r\n  function ajustarMarginTop() {\r\n    if (window.innerWidth <= 700) {\r\n      var margin = esPagina ? '200px' : '84px';\r\n      styleTag.innerHTML = `.contenedor_p { margin-top: ${margin} !important; }`;\r\n    }\r\n  }\r\n\r\n  ajustarMarginTop();\r\n  window.addEventListener('resize', ajustarMarginTop);\r\n});\r\n<\/script>\r\n<\/section>\n\n\n<section class=\"block text-image2-n default-padding\" >\n    <style>\n    .text_image2{\n        margin-top: 160px;\n        margin-bottom: 130px;\n    }\n    @media screen and (max-width: 768px){\n        .text_image2{\n        margin-top: 160px;\n        margin-bottom: 130px;\n    }\n    }\n<\/style>\n\n \n\n<div class=\"text_image2\" style=\"margin-top:160px; margin-bottom:130px;\">\n    <div class=\"text_image_container2 row\">\n        <div class=\"texts\" \n        > \n            <img decoding=\"async\" class=\"\" src=\"https:\/\/richs.com.vn\/wp-content\/uploads\/2025\/05\/cuchara-icon.png\" alt=\"\" style=\"\">\n            <h1 class=\"lang_vi_font lang_en_font\">Powered by Partnership<\/h1>\n            <p class=\"lang_vi_font lang_en_font\">Rich Products Corporation, is a family-owned food company dedicated to inspiring possibilities. From cakes and icings to pizza, appetizers and specialty toppings, our products are used in homes, restaurants and bakeries around the world. Beyond great food, our customers also gain insights to help them stay competitive, no matter their size. <br> <br> Our portfolio includes creative solutions geared at helping food industry professionals compete in foodservice, retail, in-store bakery, deli, and prepared foods among others. Working in 100 locations globally, with annual sales exceeding $5 billion, Rich\u2019s is a global leader with a focus on everything that family makes possible. <br> <br> Rich\u2019s \u00ae - Infinite Possibilities. One Family.<\/p>\n        <\/div>\n        <div class=\"image\" \n                    >\n                            <img decoding=\"async\" src=\"https:\/\/richs.com.vn\/wp-content\/uploads\/2025\/08\/About-Us-1-scaled.jpg\" alt=\"\">\n                                <\/div>\n    <\/div>\n<\/div>\n<!--<div class=\"texts\" style=\"background-image: url('https:\/\/richs.com.vn\/wp-content\/uploads\/2025\/05\/cuchara-icon.png');background-size: cover;background-position: center;\">--><\/section>\n\n\n<section class=\"block video-n default-padding\" >\n    \n<div class=\"video_n\" id=\"EEEEEEEE\">\n    \n                    <div class=\"video_s\">\n                        <div class=\"play-btn\">\n                            <div class=\"play-bg\" \n                                        style=\"width: 100vw;                                        background-position: center;                                        background-size: cover;                                        background-repeat: no-repeat;                                        background-image: url(https:\/\/richs.com.vn\/wp-content\/uploads\/2025\/05\/History-Video-Animation-Banner-Desktop-scaled-1.jpg)\"><\/div>\n                        <\/div>\n                    <\/div>                    <div class=\"m_v bynder_v\" id=\"video_v\" data-bynder-widget=\"video-item\" data-media-id=\"5B854028-75F8-40C3-BF76E896D2B99DAF\" data-width=\"\">\n                        <!-- <script id=\"bynder-widgets-js\" data-account-url=\"bynder.onerichs.com\" data-language=\"en\" src=\"https:\/\/d8ejoa1fys2rk.cloudfront.net\/bynder-embed\/latest\/bynder-embed.js\">\n                        <\/script> -->\n                        <script>\n                            document.addEventListener('DOMContentLoaded', function(){\n                                var bynderScript = document.createElement('script');\n                                bynderScript.id = 'bynder-widgets-js';\n                                bynderScript.setAttribute('data-account-url', 'bynder.onerichs.com');\n                                bynderScript.setAttribute('data-language', 'en');\n                                bynderScript.src = 'https:\/\/d8ejoa1fys2rk.cloudfront.net\/bynder-embed\/latest\/bynder-embed.js';\n                                document.body.appendChild(bynderScript);\n\n                                \n                            });\n                        <\/script>\n                    <\/div>\n                    <\/div>\n\n<!-- CSS: solo cambia la imagen de fondo en m\u00f3vil -->\n<script>\ndocument.addEventListener('DOMContentLoaded', function(){\n    var playBg = document.querySelector('.video_n .video_s .play-btn .play-bg');\n\n    if (playBg && window.innerWidth <= 768) {\n        playBg.style.backgroundImage = \"url('https:\/\/richs.com.vn\/wp-content\/uploads\/2025\/10\/video-placeholder.png')\";\n    }\n});\n<\/script><\/section>\n\n\n<section class=\"block simple-banner2-p default-padding\" >\n    \n<div class=\"slider_ff_2\" style=\"margin-top: 30px ; margin-bottom: 40px ;\">\n        <div class=\"slider-container-f-2\">\n            <div class=\"slider_sub_2\">\n                                    <div class=\"slider-card-f-2\">\n                                                    <img decoding=\"async\" src=\"https:\/\/richs.com.vn\/wp-content\/uploads\/2025\/05\/meet-richs-banner-1-img.jpg\" class=\"video-poster\">\n                        \n                        <div class=\"texts\">\n                                                            <h2 class=\"lang_vi_font lang_en_font\">\u201cC\u00e1c b\u1ea1n lu\u00f4n h\u1ed7 tr\u1ee3 ch\u00fang t\u00f4i, lu\u00f4n \u0111\u1ed5i m\u1edbi, nghi\u00ean c\u1ee9u, th\u1ea5u hi\u1ec3u th\u1ecb tr\u01b0\u1eddng, v\u00e0 l\u00e0 \u0111\u1ed1i t\u00e1c v\u00f4 c\u00f9ng \u0111\u00e1ng tin c\u1eady. \u0110\u1ed9i ng\u0169 Rich's lu\u00f4n quan t\u00e2m s\u00e1t sao v\u00e0 h\u1ed7 tr\u1ee3 nhi\u1ec7t t\u00ecnh c\u00f4ng vi\u1ec7c kinh doanh c\u1ee7a kh\u00e1ch h\u00e0ng.\u201d<\/h2>\n                                                                                        <p class=\"lang_vi_font lang_en_font\">- Kh\u00e1ch H\u00e0ng Rich Products t\u1ea1i M\u1ef9 -<\/p>\n                                                    <\/div>\n                    <\/div>\n                                    <div class=\"slider-card-f-2\">\n                                                    <img decoding=\"async\" src=\"https:\/\/richs.com.vn\/wp-content\/uploads\/2025\/05\/meet-richs-banner-2-img-1.jpg\" class=\"video-poster\">\n                        \n                        <div class=\"texts\">\n                                                            <h2 class=\"lang_vi_font lang_en_font\">\u201cCh\u00fang t\u00f4i v\u00e0 Rich's \u0111\u1ec1u t\u1eadp trung v\u00e0o \u0111\u1ed5i m\u1edbi, s\u00e1ng t\u1ea1o. V\u00ec v\u1eady, h\u1ee3p t\u00e1c v\u1edbi m\u1ed9t t\u1eadp \u0111o\u00e0n to\u00e0n c\u1ea7u nh\u01b0 Rich's s\u1ebd gi\u00fap ch\u00fang t\u00f4i \u0111\u01b0\u1ee3c ti\u1ebfp c\u1eadn v\u1edbi nh\u1eefng c\u00f4ng ngh\u1ec7 m\u1edbi nh\u1ea5t nh\u01b0 s\u1ea3n ph\u1ea9m, gi\u1ea3i ph\u00e1p h\u1ed7 tr\u1ee3 kinh doanh.\u201d<\/h2>\n                                                                                        <p class=\"lang_vi_font lang_en_font\">- Kh\u00e1ch H\u00e0ng Rich Products Vi\u1ec7t Nam -<\/p>\n                                                    <\/div>\n                    <\/div>\n                                    <div class=\"slider-card-f-2\">\n                                                    <img decoding=\"async\" src=\"https:\/\/richs.com.vn\/wp-content\/uploads\/2025\/05\/meet-richs-banner-4-img-1.jpg\" class=\"video-poster\">\n                        \n                        <div class=\"texts\">\n                                                            <h2 class=\"lang_vi_font lang_en_font\">\u201cC\u00e1 nh\u00e2n t\u00f4i r\u1ea5t vui khi \u0111\u01b0\u1ee3c l\u00e0m vi\u1ec7c v\u1edbi Rich Products, v\u00ec c\u00e1c b\u1ea1n cung c\u1ea5p gi\u1ea3i ph\u00e1p to\u00e0n di\u1ec7n ch\u1ea5t l\u01b0\u1ee3ng, \u0111\u1eb7c bi\u1ec7t l\u00e0 v\u1ec1 chu\u1ed7i cung \u1ee9ng, lu\u00f4n lu\u00f4n c\u00f3 h\u00e0ng \u0111\u00fang th\u1eddi h\u1ea1n v\u00e0 \u0111\u1ee7 s\u1ed1 l\u01b0\u1ee3ng. Team k\u1ef9 thu\u1eadt Rich's c\u0169ng h\u1ed7 tr\u1ee3 nhi\u1ec7t t\u00ecnh, th\u01b0\u1eddng xuy\u00ean t\u1edbi th\u0103m c\u1eeda h\u00e0ng v\u00e0 theo d\u00f5i s\u00e1t sao c\u00e1c y\u00eau c\u1ea7u t\u1eeb ph\u00eda kh\u00e1ch h\u00e0ng, c\u1ea3 v\u1ec1 th\u01b0\u01a1ng m\u1ea1i v\u00e0 chi\u1ebfn l\u01b0\u1ee3c.\u201d<\/h2>\n                                                                                        <p class=\"lang_vi_font lang_en_font\">- Kh\u00e1ch H\u00e0ng Rich Products Mexico -<\/p>\n                                                    <\/div>\n                    <\/div>\n                            <\/div>\n            <!-- <div id=\"userAgentInfo\"><\/div> -->\n\n        <\/div>\n         \n            <div class=\"controls_btn\">\n                <div class=\"control_btn\">\n                    <button class=\"slider-btn prev-btn-f-2\"><\/button>\n                    <button class=\"slider-btn next-btn-f-2\"><\/button>\n                <\/div>\n            <\/div>\n        <\/div>\n<\/section>\n\n\n<section class=\"block sliderfour-n default-padding\" >\n    <div class=\"slider_four\">\n        <div class=\"content_four_title\">\n        <h1 id=\"title_four\" class=\"lang_vi_font lang_en_font\">Where would you like to go from here?<\/h1>\n    <\/div>\n    <div class=\"slider-container-four\">\n                        \n                <a href=\"https:\/\/richs.com.vn\/en\/history\/\" class=\"slider-card-four\" style=\"background-image: linear-gradient(rgba(0,0,0,0.4),rgba(0,0,0,0.1)),url(https:\/\/richs.com.vn\/wp-content\/uploads\/2025\/05\/history-img-1.png);\">\n                    <div class= \"slider-container-text-four\">  \n                        <h1 class=\"lang_vi_font lang_en_font\">History<\/h1>\n                        <p class=\"lang_vi_font lang_en_font\">Born from innovation <br> in 1945<\/p>\n                    <\/div>  \n                <\/a>\n                        \n                <a href=\"https:\/\/richs.com.vn\/en\/our-values\/\" class=\"slider-card-four\" style=\"background-image: linear-gradient(rgba(0,0,0,0.4),rgba(0,0,0,0.1)),url(https:\/\/richs.com.vn\/wp-content\/uploads\/2025\/05\/Our-values-Desktop-1-1.jpg);\">\n                    <div class= \"slider-container-text-four\">  \n                        <h1 class=\"lang_vi_font lang_en_font\">Our Values<\/h1>\n                        <p class=\"lang_vi_font lang_en_font\">Our drive to do what's right\u2026.no matter what.<\/p>\n                    <\/div>  \n                <\/a>\n                        \n                <a href=\"https:\/\/richs.com.vn\/en\/leadership\/\" class=\"slider-card-four\" style=\"background-image: linear-gradient(rgba(0,0,0,0.4),rgba(0,0,0,0.1)),url(https:\/\/richs.com.vn\/wp-content\/uploads\/2025\/05\/leadership-img-1.jpg);\">\n                    <div class= \"slider-container-text-four\">  \n                        <h1 class=\"lang_vi_font lang_en_font\">Leadership<\/h1>\n                        <p class=\"lang_vi_font lang_en_font\">Meet the experienced leadership team driving Rich\u2019s to an even brighter future.<\/p>\n                    <\/div>  \n                <\/a>\n                <\/div>\n    <div class=\"controls_btn mb-5 pb-5 mb-sm-0 pb-sm-0\">\n        <div class=\"control_btn\">\n            <button class=\"slider-btn-four prev-btn-four\"><\/button>\n            <button class=\"slider-btn-four next-btn-four\"><\/button>\n        <\/div>\n    <\/div>\n<\/div><\/section>\n\n\n<p><\/p>","protected":false},"excerpt":{"rendered":"","protected":false},"author":2,"featured_media":0,"parent":0,"menu_order":0,"comment_status":"closed","ping_status":"closed","template":"","meta":{"footnotes":""},"class_list":["post-168","page","type-page","status-publish","hentry"],"acf":[],"yoast_head":"<!-- This site is optimized with the Yoast SEO plugin v23.4 - https:\/\/yoast.com\/wordpress\/plugins\/seo\/ -->\n<title>About Us - Rich Products Vietnam<\/title>\n<meta name=\"robots\" content=\"index, follow, max-snippet:-1, max-image-preview:large, max-video-preview:-1\" \/>\n<link rel=\"canonical\" href=\"https:\/\/richs.com.vn\/en\/about-us\/\" \/>\n<meta property=\"og:locale\" content=\"en_US\" \/>\n<meta property=\"og:type\" content=\"article\" \/>\n<meta property=\"og:title\" content=\"About Us - Rich Products Vietnam\" \/>\n<meta property=\"og:url\" content=\"https:\/\/richs.com.vn\/en\/about-us\/\" \/>\n<meta property=\"og:site_name\" content=\"Rich Products Vietnam\" \/>\n<meta property=\"article:modified_time\" content=\"2025-10-23T18:51:25+00:00\" \/>\n<meta name=\"twitter:card\" content=\"summary_large_image\" \/>\n<script type=\"application\/ld+json\" class=\"yoast-schema-graph\">{\"@context\":\"https:\/\/schema.org\",\"@graph\":[{\"@type\":\"WebPage\",\"@id\":\"https:\/\/richs.com.vn\/about-us\/\",\"url\":\"https:\/\/richs.com.vn\/about-us\/\",\"name\":\"About Us - Rich Products Vietnam\",\"isPartOf\":{\"@id\":\"https:\/\/richs.com.vn\/#website\"},\"datePublished\":\"2025-05-21T20:14:17+00:00\",\"dateModified\":\"2025-10-23T18:51:25+00:00\",\"breadcrumb\":{\"@id\":\"https:\/\/richs.com.vn\/about-us\/#breadcrumb\"},\"inLanguage\":\"en-US\",\"potentialAction\":[{\"@type\":\"ReadAction\",\"target\":[\"https:\/\/richs.com.vn\/about-us\/\"]}]},{\"@type\":\"BreadcrumbList\",\"@id\":\"https:\/\/richs.com.vn\/about-us\/#breadcrumb\",\"itemListElement\":[{\"@type\":\"ListItem\",\"position\":1,\"name\":\"Home\",\"item\":\"https:\/\/richs.com.vn\/\"},{\"@type\":\"ListItem\",\"position\":2,\"name\":\"About Us\"}]},{\"@type\":\"WebSite\",\"@id\":\"https:\/\/richs.com.vn\/#website\",\"url\":\"https:\/\/richs.com.vn\/\",\"name\":\"Rich Products Vietnam\",\"description\":\"Ti\u1ec1m n\u0103ng b\u1ea5t t\u1eadn. K\u1ebft n\u1ed1i m\u1ecdi nh\u00e0.\",\"potentialAction\":[{\"@type\":\"SearchAction\",\"target\":{\"@type\":\"EntryPoint\",\"urlTemplate\":\"https:\/\/richs.com.vn\/?s={search_term_string}\"},\"query-input\":{\"@type\":\"PropertyValueSpecification\",\"valueRequired\":true,\"valueName\":\"search_term_string\"}}],\"inLanguage\":\"en-US\"}]}<\/script>\n<!-- \/ Yoast SEO plugin. -->","yoast_head_json":{"title":"About Us - Rich Products Vietnam","robots":{"index":"index","follow":"follow","max-snippet":"max-snippet:-1","max-image-preview":"max-image-preview:large","max-video-preview":"max-video-preview:-1"},"canonical":"https:\/\/richs.com.vn\/en\/about-us\/","og_locale":"en_US","og_type":"article","og_title":"About Us - Rich Products Vietnam","og_url":"https:\/\/richs.com.vn\/en\/about-us\/","og_site_name":"Rich Products Vietnam","article_modified_time":"2025-10-23T18:51:25+00:00","twitter_card":"summary_large_image","schema":{"@context":"https:\/\/schema.org","@graph":[{"@type":"WebPage","@id":"https:\/\/richs.com.vn\/about-us\/","url":"https:\/\/richs.com.vn\/about-us\/","name":"About Us - Rich Products Vietnam","isPartOf":{"@id":"https:\/\/richs.com.vn\/#website"},"datePublished":"2025-05-21T20:14:17+00:00","dateModified":"2025-10-23T18:51:25+00:00","breadcrumb":{"@id":"https:\/\/richs.com.vn\/about-us\/#breadcrumb"},"inLanguage":"en-US","potentialAction":[{"@type":"ReadAction","target":["https:\/\/richs.com.vn\/about-us\/"]}]},{"@type":"BreadcrumbList","@id":"https:\/\/richs.com.vn\/about-us\/#breadcrumb","itemListElement":[{"@type":"ListItem","position":1,"name":"Home","item":"https:\/\/richs.com.vn\/"},{"@type":"ListItem","position":2,"name":"About Us"}]},{"@type":"WebSite","@id":"https:\/\/richs.com.vn\/#website","url":"https:\/\/richs.com.vn\/","name":"Rich Products Vietnam","description":"Ti\u1ec1m n\u0103ng b\u1ea5t t\u1eadn. K\u1ebft n\u1ed1i m\u1ecdi nh\u00e0.","potentialAction":[{"@type":"SearchAction","target":{"@type":"EntryPoint","urlTemplate":"https:\/\/richs.com.vn\/?s={search_term_string}"},"query-input":{"@type":"PropertyValueSpecification","valueRequired":true,"valueName":"search_term_string"}}],"inLanguage":"en-US"}]}},"_links":{"self":[{"href":"https:\/\/richs.com.vn\/en\/wp-json\/wp\/v2\/pages\/168","targetHints":{"allow":["GET"]}}],"collection":[{"href":"https:\/\/richs.com.vn\/en\/wp-json\/wp\/v2\/pages"}],"about":[{"href":"https:\/\/richs.com.vn\/en\/wp-json\/wp\/v2\/types\/page"}],"author":[{"embeddable":true,"href":"https:\/\/richs.com.vn\/en\/wp-json\/wp\/v2\/users\/2"}],"replies":[{"embeddable":true,"href":"https:\/\/richs.com.vn\/en\/wp-json\/wp\/v2\/comments?post=168"}],"version-history":[{"count":50,"href":"https:\/\/richs.com.vn\/en\/wp-json\/wp\/v2\/pages\/168\/revisions"}],"predecessor-version":[{"id":4842,"href":"https:\/\/richs.com.vn\/en\/wp-json\/wp\/v2\/pages\/168\/revisions\/4842"}],"wp:attachment":[{"href":"https:\/\/richs.com.vn\/en\/wp-json\/wp\/v2\/media?parent=168"}],"curies":[{"name":"wp","href":"https:\/\/api.w.org\/{rel}","templated":true}]}}